{"id":49,"date":"2020-10-16T23:21:29","date_gmt":"2020-10-16T21:21:29","guid":{"rendered":"http:\/\/www.physiokin.fr\/?page_id=49"},"modified":"2020-10-16T23:49:13","modified_gmt":"2020-10-16T21:49:13","slug":"mentions-legales","status":"publish","type":"page","link":"https:\/\/www.physiokin.fr\/index.php\/mentions-legales\/","title":{"rendered":"Mentions l\u00e9gales"},"content":{"rendered":"\t\t<div data-elementor-type=\"wp-page\" data-elementor-id=\"49\" class=\"elementor elementor-49\" data-elementor-post-type=\"page\">\n\t\t\t\t\t\t<section class=\"elementor-section elementor-top-section elementor-element elementor-element-a9e1508 elementor-section-boxed elementor-section-height-default elementor-section-height-default\" data-id=\"a9e1508\" data-element_type=\"section\">\n\t\t\t\t\t\t<div class=\"elementor-container elementor-column-gap-default\">\n\t\t\t\t\t<div class=\"elementor-column elementor-col-100 elementor-top-column elementor-element elementor-element-47cdb181\" data-id=\"47cdb181\" data-element_type=\"column\">\n\t\t\t<div class=\"elementor-widget-wrap elementor-element-populated\">\n\t\t\t\t\t\t<div class=\"elementor-element elementor-element-88d794a elementor-widget elementor-widget-text-editor\" data-id=\"88d794a\" data-element_type=\"widget\" data-widget_type=\"text-editor.default\">\n\t\t\t\t<div class=\"elementor-widget-container\">\n\t\t\t\t\t\t\t\t\t<div class=\"elementor-element elementor-element-46955434 elementor-widget elementor-widget-heading\" data-id=\"46955434\" data-element_type=\"widget\" data-widget_type=\"heading.default\"><div class=\"elementor-widget-container\"><h2 class=\"elementor-heading-title elementor-size-default\">MENTIONS LEGALES<\/h2><\/div><\/div><div class=\"elementor-element elementor-element-1188e29 elementor-widget elementor-widget-heading\" data-id=\"1188e29\" data-element_type=\"widget\" data-widget_type=\"heading.default\"><div class=\"elementor-widget-container\"><h3 class=\"elementor-heading-title elementor-size-default\">MENTIONS OBLIGATOIRES<\/h3><\/div><\/div><div class=\"elementor-element elementor-element-bbc08a7 elementor-widget elementor-widget-text-editor\" data-id=\"bbc08a7\" data-element_type=\"widget\" data-widget_type=\"text-editor.default\"><div class=\"elementor-widget-container\"><div class=\"elementor-text-editor elementor-clearfix\">Directeur de la publication : Bruno PIERRE<p align=\"justify\">Pour satisfaire aux dispositions de l\u2019article 6 de la loi n\u00b02004-575 du 21 juin 2004 pour la confiance dans l\u2019\u00e9conomie num\u00e9rique, il est pr\u00e9cis\u00e9 que ce site professionnel est h\u00e9berg\u00e9 par Physiokin\u2019Formation \u2013 SIRET 79489041800013, RCS Amiens B 794 890 418. Physiokin\u2019Formation peut \u00eatre contact\u00e9 directement gr\u00e2ce\u00a0<a href=\"https:\/\/physiokin.fr\/index.php?contact\">au formulaire de contact<\/a>.<\/p><\/div><\/div><\/div><div class=\"elementor-element elementor-element-c98206c elementor-widget elementor-widget-text-editor\" data-id=\"c98206c\" data-element_type=\"widget\" data-widget_type=\"text-editor.default\"><div class=\"elementor-widget-container\"><div class=\"elementor-text-editor elementor-clearfix\"><p class=\"p2\"><b>Editeur du site<\/b><\/p><p class=\"p3\">Ce site a \u00e9t\u00e9 con\u00e7u par l\u2019agence\u00a0<a href=\"https:\/\/comonbuzz.com\/\">Com\u2019On Buzz<\/a>, agence cr\u00e9ative.<\/p><p class=\"p3\">9 rue du Rivage, 59 320 Sequedin<\/p><p class=\"p3\">e-mail :\u00a0<a href=\"mailto:contact@comonbuzz.com\"><span class=\"s1\">contact@comonbuzz.com<\/span><\/a><\/p><p class=\"p3\">H\u00e9bergement Web : OVH<\/p><\/div><\/div><\/div><div class=\"elementor-element elementor-element-9d01b50 elementor-widget elementor-widget-heading\" data-id=\"9d01b50\" data-element_type=\"widget\" data-widget_type=\"heading.default\"><div class=\"elementor-widget-container\"><h3 class=\"elementor-heading-title elementor-size-default\">DROIT D\u2019AUTEUR<\/h3><\/div><\/div><div class=\"elementor-element elementor-element-1a4eadc2 elementor-widget elementor-widget-text-editor\" data-id=\"1a4eadc2\" data-element_type=\"widget\" data-widget_type=\"text-editor.default\"><div class=\"elementor-widget-container\"><div class=\"elementor-text-editor elementor-clearfix\"><p align=\"justify\">L\u2019ensemble de ce site (contenu et pr\u00e9sentation) constitue une \u0153uvre prot\u00e9g\u00e9e par la l\u00e9gislation fran\u00e7aise et internationale en vigueur sur le droit d\u2019auteur et d\u2019une mani\u00e8re g\u00e9n\u00e9rale sur la propri\u00e9t\u00e9 intellectuelle et industrielle.<\/p><p align=\"justify\">Tous les droits de propri\u00e9t\u00e9 intellectuelle, dont en particulier les droits d\u2019exploitation, les droits de reproduction et d\u2019extraction sur tout support, de tout ou partie des donn\u00e9es, fichiers et tous \u00e9l\u00e9ments figurant dans les pages web de ce site, ainsi que les droits de repr\u00e9sentation et droits de reproduction sur tout support, de tout ou partie du site lui-m\u00eame, les droits de modification, d\u2019adaptation ou de traduction, sont r\u00e9serv\u00e9s exclusivement \u00e0 Physiokin\u2019Formation, \u2013 et \u00e0 ses \u00e9ventuels tiers donneurs de licence -, y compris notamment en ce qui concerne les documents t\u00e9l\u00e9chargeables, les repr\u00e9sentations graphiques, iconographiques, photographiques, num\u00e9riques ou audiovisuelles, et ce, sous r\u00e9serve des droits pr\u00e9existants de tiers ayant autoris\u00e9 la reproduction num\u00e9rique et\/ou l\u2019int\u00e9gration dans ce site, par Physiokin\u2019Formation, de leurs \u0153uvres de quelque nature qu\u2019elles soient.<\/p><p align=\"justify\">La reproduction partielle ou int\u00e9grale des \u00e9l\u00e9ments pr\u00e9cit\u00e9s et d\u2019une mani\u00e8re g\u00e9n\u00e9rale, la reproduction de tout ou partie de ce site sur un support \u00e9lectronique quel qu\u2019il soit, est formellement interdite, sans l\u2019accord \u00e9crit et pr\u00e9alable de Physiokin\u2019Formation.<\/p><p align=\"justify\">La reproduction des textes et pages web du site sur un support papier demeure autoris\u00e9e, sous r\u00e9serve du respect des conditions cumulatives suivantes : gratuit\u00e9 de la diffusion, respect de l\u2019int\u00e9grit\u00e9 et de la finalit\u00e9 des documents reproduits (ni modifications, ni alt\u00e9rations), respect de la finalit\u00e9 du site dans l\u2019utilisation de ces informations et \u00e9l\u00e9ments, citation claire et lisible de la source avec mention du nom du site, de son adresse internet et du copyright Physiokin\u2019Formation.<\/p><p align=\"justify\">Par ailleurs, toutes les marques cit\u00e9es et logos repr\u00e9sent\u00e9s sur ce site sont propri\u00e9t\u00e9 de leurs titulaires respectifs.<\/p><\/div><\/div><\/div><div class=\"elementor-element elementor-element-f8ce936 elementor-widget elementor-widget-heading\" data-id=\"f8ce936\" data-element_type=\"widget\" data-widget_type=\"heading.default\"><div class=\"elementor-widget-container\"><h3 class=\"elementor-heading-title elementor-size-default\">CONDITIONS D&rsquo;UTILISATION DU SITE<\/h3><\/div><\/div><div class=\"elementor-element elementor-element-c441aa8 elementor-widget elementor-widget-text-editor\" data-id=\"c441aa8\" data-element_type=\"widget\" data-widget_type=\"text-editor.default\"><div class=\"elementor-widget-container\"><div class=\"elementor-text-editor elementor-clearfix\"><p class=\"p3\">Le pr\u00e9sent site Web est la propri\u00e9t\u00e9 exclusive de Physiokin\u2019Formation. Les \u00e9l\u00e9ments du site, tels que les textes, les images fixes ou anim\u00e9es, les bases de donn\u00e9es, les programmes, les langages,\u2026etc, sont prot\u00e9g\u00e9s par toute l\u00e9gislation en vigueur (le droit d\u2019auteur, le droit suis generis du producteur de la base de donn\u00e9es, droit des marques\u2026). L\u2019autorisation de reproduction ne vous est conc\u00e9d\u00e9e que sous forme num\u00e9rique en consultation. L\u2019impression papier est autoris\u00e9e aux fins de copie priv\u00e9e \u00e0 l\u2019usage exclusif du copiste au sens de l\u2019article L. 122-5 2\u00b0 du Code de la Propri\u00e9t\u00e9 Intellectuelle.Les informations contenues dans le pr\u00e9sent site web sont donn\u00e9es \u00e0 titre indicatif et sont sujettes \u00e0 changement sans pr\u00e9avis. Nous ne pouvons garantir l\u2019exactitude des informations qu\u2019il contient, ni le fonctionnement du site Web dans tous les cas de figure.Nous n\u2019assumons aucune responsabilit\u00e9 relative aux informations contenues et \u00e0 l\u2019existence ou la disponibilit\u00e9 de toute offre mentionn\u00e9e dans le pr\u00e9sent site Web et d\u00e9cline toute responsabilit\u00e9 d\u00e9coulant d\u2019une n\u00e9gligence ou autre concernant ces informations.<\/p><\/div><\/div><\/div><div class=\"elementor-element elementor-element-daefa42 elementor-widget elementor-widget-heading\" data-id=\"daefa42\" data-element_type=\"widget\" data-widget_type=\"heading.default\"><div class=\"elementor-widget-container\"><h3 class=\"elementor-heading-title elementor-size-default\">COLLECTE DE VOS DONNEES PERSONNELLES<\/h3><\/div><\/div><div class=\"elementor-element elementor-element-df600eb elementor-widget elementor-widget-text-editor\" data-id=\"df600eb\" data-element_type=\"widget\" data-widget_type=\"text-editor.default\"><div class=\"elementor-widget-container\"><div class=\"elementor-text-editor elementor-clearfix\"><p>Physiokin\u2019Formation, dans le cadre de son activit\u00e9, collecte des donn\u00e9es personnelles, conform\u00e9ment \u00e0 la loi en vigueur :\u00a0<\/p><p>Toute information personnelle que l\u2019internaute serait amen\u00e9 \u00e0 transmettre \u00e0 Physiokin\u2019Formation pour l\u2019utilisation de certains services est soumise aux dispositions de la Loi n\u00b078-17 Informatique et Libert\u00e9s du 06 janvier 1978, modifi\u00e9e par la loi n\u00b02004-801 du 6 ao\u00fbt 2004 \u00ab relative \u00e0 la protection des personnes physiques \u00e0 l\u2019\u00e9gard des traitements de donn\u00e9es \u00e0 caract\u00e8re personnel \u00bb.<\/p><p>L\u2019internaute dispose d\u2019un droit d\u2019acc\u00e8s, de rectification et de suppression des informations personnelles le concernant, qu\u2019il peut exercer \u00e0 tout moment en adressant un courriel \u00e0 l\u2019adresse suivante :<\/p><p>bruno-pierre@orange.fr\u00a0<\/p><p>\u00a0<\/p><p>La collecte des donn\u00e9es du site web nous permet de :\u00a0<br \/>\u2013 Pr\u00e9parer les attestations r\u00e8glementaires \u00e9tablit par l\u2019agence du DPC<br \/>\u2013 Contacter les stagiaires en cas de modifications des dates ou pour leur envoyer les invitations et retours des formations<br \/>\u2013 Les tenir inform\u00e9s des \u00e9v\u00e9nements organis\u00e9s par PhysioKin\u2019Formation.\u00a0<\/p><\/div><\/div><\/div>\t\t\t\t\t\t\t\t<\/div>\n\t\t\t\t<\/div>\n\t\t\t\t\t<\/div>\n\t\t<\/div>\n\t\t\t\t\t<\/div>\n\t\t<\/section>\n\t\t\t\t<\/div>\n\t\t","protected":false},"excerpt":{"rendered":"<p>MENTIONS LEGALES MENTIONS OBLIGATOIRES Directeur de la publication : Bruno PIERRE Pour satisfaire aux dispositions de l\u2019article 6 de la loi n\u00b02004-575 du 21 juin 2004 pour la confiance dans l\u2019\u00e9conomie num\u00e9rique, il est pr\u00e9cis\u00e9 que ce site professionnel est h\u00e9berg\u00e9 par Physiokin\u2019Formation \u2013 SIRET 79489041800013, RCS Amiens B 794 890 418. Physiokin\u2019Formation peut \u00eatre [&hellip;]<\/p>\n","protected":false},"author":1,"featured_media":0,"parent":0,"menu_order":0,"comment_status":"closed","ping_status":"closed","template":"elementor_header_footer","meta":{"footnotes":""},"class_list":["post-49","page","type-page","status-publish","hentry"],"yoast_head":"<!-- This site is optimized with the Yoast SEO plugin v25.4 - https:\/\/yoast.com\/wordpress\/plugins\/seo\/ -->\n<title>Physiokin Formation Kin\u00e9 - Mentions l\u00e9gales<\/title>\n<meta name=\"robots\" content=\"index, follow, max-snippet:-1, max-image-preview:large, max-video-preview:-1\" \/>\n<link rel=\"canonical\" href=\"https:\/\/www.physiokin.fr\/index.php\/mentions-legales\/\" \/>\n<meta property=\"og:locale\" content=\"fr_FR\" \/>\n<meta property=\"og:type\" content=\"article\" \/>\n<meta property=\"og:title\" content=\"Physiokin Formation Kin\u00e9 - Mentions l\u00e9gales\" \/>\n<meta property=\"og:description\" content=\"MENTIONS LEGALES MENTIONS OBLIGATOIRES Directeur de la publication : Bruno PIERRE Pour satisfaire aux dispositions de l\u2019article 6 de la loi n\u00b02004-575 du 21 juin 2004 pour la confiance dans l\u2019\u00e9conomie num\u00e9rique, il est pr\u00e9cis\u00e9 que ce site professionnel est h\u00e9berg\u00e9 par Physiokin\u2019Formation \u2013 SIRET 79489041800013, RCS Amiens B 794 890 418. Physiokin\u2019Formation peut \u00eatre [&hellip;]\" \/>\n<meta property=\"og:url\" content=\"https:\/\/www.physiokin.fr\/index.php\/mentions-legales\/\" \/>\n<meta property=\"og:site_name\" content=\"Physiokin Formation\" \/>\n<meta property=\"article:publisher\" content=\"https:\/\/www.facebook.com\/profile.php?id=100064062223459\" \/>\n<meta property=\"article:modified_time\" content=\"2020-10-16T21:49:13+00:00\" \/>\n<meta property=\"og:image\" content=\"https:\/\/www.physiokin.fr\/wp-content\/uploads\/2020\/10\/cropped-logo-site-physiokin.png\" \/>\n\t<meta property=\"og:image:width\" content=\"150\" \/>\n\t<meta property=\"og:image:height\" content=\"75\" \/>\n\t<meta property=\"og:image:type\" content=\"image\/png\" \/>\n<meta name=\"twitter:card\" content=\"summary_large_image\" \/>\n<meta name=\"twitter:label1\" content=\"Dur\u00e9e de lecture estim\u00e9e\" \/>\n\t<meta name=\"twitter:data1\" content=\"4 minutes\" \/>\n<script type=\"application\/ld+json\" class=\"yoast-schema-graph\">{\"@context\":\"https:\/\/schema.org\",\"@graph\":[{\"@type\":\"WebPage\",\"@id\":\"https:\/\/www.physiokin.fr\/index.php\/mentions-legales\/\",\"url\":\"https:\/\/www.physiokin.fr\/index.php\/mentions-legales\/\",\"name\":\"Physiokin Formation Kin\u00e9 - Mentions l\u00e9gales\",\"isPartOf\":{\"@id\":\"https:\/\/www.physiokin.fr\/#website\"},\"datePublished\":\"2020-10-16T21:21:29+00:00\",\"dateModified\":\"2020-10-16T21:49:13+00:00\",\"breadcrumb\":{\"@id\":\"https:\/\/www.physiokin.fr\/index.php\/mentions-legales\/#breadcrumb\"},\"inLanguage\":\"fr-FR\",\"potentialAction\":[{\"@type\":\"ReadAction\",\"target\":[\"https:\/\/www.physiokin.fr\/index.php\/mentions-legales\/\"]}]},{\"@type\":\"BreadcrumbList\",\"@id\":\"https:\/\/www.physiokin.fr\/index.php\/mentions-legales\/#breadcrumb\",\"itemListElement\":[{\"@type\":\"ListItem\",\"position\":1,\"name\":\"Accueil\",\"item\":\"https:\/\/www.physiokin.fr\/\"},{\"@type\":\"ListItem\",\"position\":2,\"name\":\"Mentions l\u00e9gales\"}]},{\"@type\":\"WebSite\",\"@id\":\"https:\/\/www.physiokin.fr\/#website\",\"url\":\"https:\/\/www.physiokin.fr\/\",\"name\":\"Physiokin Formation\",\"description\":\"Formation pour masseurs kin\u00e9sith\u00e9rapeute\",\"publisher\":{\"@id\":\"https:\/\/www.physiokin.fr\/#organization\"},\"alternateName\":\"Physiokin Formation\",\"potentialAction\":[{\"@type\":\"SearchAction\",\"target\":{\"@type\":\"EntryPoint\",\"urlTemplate\":\"https:\/\/www.physiokin.fr\/?s={search_term_string}\"},\"query-input\":{\"@type\":\"PropertyValueSpecification\",\"valueRequired\":true,\"valueName\":\"search_term_string\"}}],\"inLanguage\":\"fr-FR\"},{\"@type\":\"Organization\",\"@id\":\"https:\/\/www.physiokin.fr\/#organization\",\"name\":\"Physiokin Formation\",\"url\":\"https:\/\/www.physiokin.fr\/\",\"logo\":{\"@type\":\"ImageObject\",\"inLanguage\":\"fr-FR\",\"@id\":\"https:\/\/www.physiokin.fr\/#\/schema\/logo\/image\/\",\"url\":\"https:\/\/www.physiokin.fr\/wp-content\/uploads\/2020\/10\/cropped-cropped-logo-site-physiokin-2.png\",\"contentUrl\":\"https:\/\/www.physiokin.fr\/wp-content\/uploads\/2020\/10\/cropped-cropped-logo-site-physiokin-2.png\",\"width\":150,\"height\":75,\"caption\":\"Physiokin Formation\"},\"image\":{\"@id\":\"https:\/\/www.physiokin.fr\/#\/schema\/logo\/image\/\"},\"sameAs\":[\"https:\/\/www.facebook.com\/profile.php?id=100064062223459\"]}]}<\/script>\n<!-- \/ Yoast SEO plugin. -->","yoast_head_json":{"title":"Physiokin Formation Kin\u00e9 - Mentions l\u00e9gales","robots":{"index":"index","follow":"follow","max-snippet":"max-snippet:-1","max-image-preview":"max-image-preview:large","max-video-preview":"max-video-preview:-1"},"canonical":"https:\/\/www.physiokin.fr\/index.php\/mentions-legales\/","og_locale":"fr_FR","og_type":"article","og_title":"Physiokin Formation Kin\u00e9 - Mentions l\u00e9gales","og_description":"MENTIONS LEGALES MENTIONS OBLIGATOIRES Directeur de la publication : Bruno PIERRE Pour satisfaire aux dispositions de l\u2019article 6 de la loi n\u00b02004-575 du 21 juin 2004 pour la confiance dans l\u2019\u00e9conomie num\u00e9rique, il est pr\u00e9cis\u00e9 que ce site professionnel est h\u00e9berg\u00e9 par Physiokin\u2019Formation \u2013 SIRET 79489041800013, RCS Amiens B 794 890 418. Physiokin\u2019Formation peut \u00eatre [&hellip;]","og_url":"https:\/\/www.physiokin.fr\/index.php\/mentions-legales\/","og_site_name":"Physiokin Formation","article_publisher":"https:\/\/www.facebook.com\/profile.php?id=100064062223459","article_modified_time":"2020-10-16T21:49:13+00:00","og_image":[{"width":150,"height":75,"url":"https:\/\/www.physiokin.fr\/wp-content\/uploads\/2020\/10\/cropped-logo-site-physiokin.png","type":"image\/png"}],"twitter_card":"summary_large_image","twitter_misc":{"Dur\u00e9e de lecture estim\u00e9e":"4 minutes"},"schema":{"@context":"https:\/\/schema.org","@graph":[{"@type":"WebPage","@id":"https:\/\/www.physiokin.fr\/index.php\/mentions-legales\/","url":"https:\/\/www.physiokin.fr\/index.php\/mentions-legales\/","name":"Physiokin Formation Kin\u00e9 - Mentions l\u00e9gales","isPartOf":{"@id":"https:\/\/www.physiokin.fr\/#website"},"datePublished":"2020-10-16T21:21:29+00:00","dateModified":"2020-10-16T21:49:13+00:00","breadcrumb":{"@id":"https:\/\/www.physiokin.fr\/index.php\/mentions-legales\/#breadcrumb"},"inLanguage":"fr-FR","potentialAction":[{"@type":"ReadAction","target":["https:\/\/www.physiokin.fr\/index.php\/mentions-legales\/"]}]},{"@type":"BreadcrumbList","@id":"https:\/\/www.physiokin.fr\/index.php\/mentions-legales\/#breadcrumb","itemListElement":[{"@type":"ListItem","position":1,"name":"Accueil","item":"https:\/\/www.physiokin.fr\/"},{"@type":"ListItem","position":2,"name":"Mentions l\u00e9gales"}]},{"@type":"WebSite","@id":"https:\/\/www.physiokin.fr\/#website","url":"https:\/\/www.physiokin.fr\/","name":"Physiokin Formation","description":"Formation pour masseurs kin\u00e9sith\u00e9rapeute","publisher":{"@id":"https:\/\/www.physiokin.fr\/#organization"},"alternateName":"Physiokin Formation","potentialAction":[{"@type":"SearchAction","target":{"@type":"EntryPoint","urlTemplate":"https:\/\/www.physiokin.fr\/?s={search_term_string}"},"query-input":{"@type":"PropertyValueSpecification","valueRequired":true,"valueName":"search_term_string"}}],"inLanguage":"fr-FR"},{"@type":"Organization","@id":"https:\/\/www.physiokin.fr\/#organization","name":"Physiokin Formation","url":"https:\/\/www.physiokin.fr\/","logo":{"@type":"ImageObject","inLanguage":"fr-FR","@id":"https:\/\/www.physiokin.fr\/#\/schema\/logo\/image\/","url":"https:\/\/www.physiokin.fr\/wp-content\/uploads\/2020\/10\/cropped-cropped-logo-site-physiokin-2.png","contentUrl":"https:\/\/www.physiokin.fr\/wp-content\/uploads\/2020\/10\/cropped-cropped-logo-site-physiokin-2.png","width":150,"height":75,"caption":"Physiokin Formation"},"image":{"@id":"https:\/\/www.physiokin.fr\/#\/schema\/logo\/image\/"},"sameAs":["https:\/\/www.facebook.com\/profile.php?id=100064062223459"]}]}},"_links":{"self":[{"href":"https:\/\/www.physiokin.fr\/index.php\/wp-json\/wp\/v2\/pages\/49","targetHints":{"allow":["GET"]}}],"collection":[{"href":"https:\/\/www.physiokin.fr\/index.php\/wp-json\/wp\/v2\/pages"}],"about":[{"href":"https:\/\/www.physiokin.fr\/index.php\/wp-json\/wp\/v2\/types\/page"}],"author":[{"embeddable":true,"href":"https:\/\/www.physiokin.fr\/index.php\/wp-json\/wp\/v2\/users\/1"}],"replies":[{"embeddable":true,"href":"https:\/\/www.physiokin.fr\/index.php\/wp-json\/wp\/v2\/comments?post=49"}],"version-history":[{"count":0,"href":"https:\/\/www.physiokin.fr\/index.php\/wp-json\/wp\/v2\/pages\/49\/revisions"}],"wp:attachment":[{"href":"https:\/\/www.physiokin.fr\/index.php\/wp-json\/wp\/v2\/media?parent=49"}],"curies":[{"name":"wp","href":"https:\/\/api.w.org\/{rel}","templated":true}]}}